{"id":63,"date":"2024-09-16T15:43:02","date_gmt":"2024-09-16T13:43:02","guid":{"rendered":"https:\/\/snrcoaching.com\/?page_id=63"},"modified":"2025-03-14T16:39:37","modified_gmt":"2025-03-14T15:39:37","slug":"services","status":"publish","type":"page","link":"https:\/\/snrcoaching.com\/en\/services\/","title":{"rendered":"Services"},"content":{"rendered":"<div data-elementor-type=\"wp-page\" data-elementor-id=\"63\" class=\"elementor elementor-63\" data-elementor-post-type=\"page\">\n\t\t\t\t\t\t<section class=\"elementor-section elementor-top-section elementor-element elementor-element-4561b506 elementor-section-boxed elementor-section-height-default elementor-section-height-default\" data-id=\"4561b506\" data-element_type=\"section\" data-e-type=\"section\" data-settings=\"{&quot;background_background&quot;:&quot;classic&quot;}\">\n\t\t\t\t\t\t\t<div class=\"elementor-background-overlay\"><\/div>\n\t\t\t\t\t\t\t<div class=\"elementor-container elementor-column-gap-default\">\n\t\t\t\t\t<div class=\"elementor-column elementor-col-100 elementor-top-column elementor-element elementor-element-1949979c\" data-id=\"1949979c\" data-element_type=\"column\" data-e-type=\"column\">\n\t\t\t<div class=\"elementor-widget-wrap elementor-element-populated\">\n\t\t\t\t\t\t<div class=\"elementor-element elementor-element-ff7f196 elementor-invisible elementor-widget elementor-widget-heading\" data-id=\"ff7f196\" data-element_type=\"widget\" data-e-type=\"widget\" data-settings=\"{&quot;_animation&quot;:&quot;fadeInUp&quot;,&quot;_animation_delay&quot;:200}\" data-widget_type=\"heading.default\">\n\t\t\t\t<div class=\"elementor-widget-container\">\n\t\t\t\t\t<h1 class=\"elementor-heading-title elementor-size-default\">our services<\/h1>\t\t\t\t<\/div>\n\t\t\t\t<\/div>\n\t\t\t\t<div class=\"elementor-element elementor-element-53d15534 elementor-icon-list--layout-inline elementor-list-item-link-full_width elementor-widget elementor-widget-icon-list\" data-id=\"53d15534\" data-element_type=\"widget\" data-e-type=\"widget\" data-widget_type=\"icon-list.default\">\n\t\t\t\t<div class=\"elementor-widget-container\">\n\t\t\t\t\t\t\t<ul class=\"elementor-icon-list-items elementor-inline-items\">\n\t\t\t\t\t\t\t<li class=\"elementor-icon-list-item elementor-inline-item\">\n\t\t\t\t\t\t\t\t\t\t\t<a href=\"\/en\/\">\n\n\t\t\t\t\t\t\t\t\t\t\t<span class=\"elementor-icon-list-text\">snr<\/span>\n\t\t\t\t\t\t\t\t\t\t\t<\/a>\n\t\t\t\t\t\t\t\t\t<\/li>\n\t\t\t\t\t\t\t\t<li class=\"elementor-icon-list-item elementor-inline-item\">\n\t\t\t\t\t\t\t\t\t\t\t<span class=\"elementor-icon-list-icon\">\n\t\t\t\t\t\t\t<svg aria-hidden=\"true\" class=\"e-font-icon-svg e-fas-caret-right\" viewbox=\"0 0 192 512\" xmlns=\"http:\/\/www.w3.org\/2000\/svg\"><path d=\"M0 384.662V127.338c0-17.818 21.543-26.741 34.142-14.142l128.662 128.662c7.81 7.81 7.81 20.474 0 28.284L34.142 398.804C21.543 411.404 0 402.48 0 384.662z\"><\/path><\/svg>\t\t\t\t\t\t<\/span>\n\t\t\t\t\t\t\t\t\t\t<span class=\"elementor-icon-list-text\">Services<\/span>\n\t\t\t\t\t\t\t\t\t<\/li>\n\t\t\t\t\t\t<\/ul>\n\t\t\t\t\t\t<\/div>\n\t\t\t\t<\/div>\n\t\t\t\t\t<\/div>\n\t\t<\/div>\n\t\t\t\t\t<\/div>\n\t\t<\/section>\n\t\t\t\t<section class=\"elementor-section elementor-top-section elementor-element elementor-element-51b6c5e9 elementor-section-boxed elementor-section-height-default elementor-section-height-default\" data-id=\"51b6c5e9\" data-element_type=\"section\" data-e-type=\"section\" data-settings=\"{&quot;background_background&quot;:&quot;classic&quot;}\">\n\t\t\t\t\t\t<div class=\"elementor-container elementor-column-gap-no\">\n\t\t\t\t\t<div class=\"elementor-column elementor-col-100 elementor-top-column elementor-element elementor-element-93937f9\" data-id=\"93937f9\" data-element_type=\"column\" data-e-type=\"column\">\n\t\t\t<div class=\"elementor-widget-wrap elementor-element-populated\">\n\t\t\t\t\t\t<section class=\"elementor-section elementor-inner-section elementor-element elementor-element-382a16da elementor-section-boxed elementor-section-height-default elementor-section-height-default\" data-id=\"382a16da\" data-element_type=\"section\" data-e-type=\"section\">\n\t\t\t\t\t\t<div class=\"elementor-container elementor-column-gap-no\">\n\t\t\t\t\t<div class=\"elementor-column elementor-col-100 elementor-inner-column elementor-element elementor-element-71f648ab\" data-id=\"71f648ab\" data-element_type=\"column\" data-e-type=\"column\">\n\t\t\t<div class=\"elementor-widget-wrap elementor-element-populated\">\n\t\t\t\t\t\t<div class=\"elementor-element elementor-element-41a832bf elementor-invisible elementor-widget elementor-widget-heading\" data-id=\"41a832bf\" data-element_type=\"widget\" data-e-type=\"widget\" data-settings=\"{&quot;_animation&quot;:&quot;fadeInUp&quot;}\" data-widget_type=\"heading.default\">\n\t\t\t\t<div class=\"elementor-widget-container\">\n\t\t\t\t\t<h2 class=\"elementor-heading-title elementor-size-default\">our services<\/h2>\t\t\t\t<\/div>\n\t\t\t\t<\/div>\n\t\t\t\t<div class=\"elementor-element elementor-element-682e4f11 elementor-invisible elementor-widget elementor-widget-heading\" data-id=\"682e4f11\" data-element_type=\"widget\" data-e-type=\"widget\" data-settings=\"{&quot;_animation&quot;:&quot;fadeInUp&quot;,&quot;_animation_delay&quot;:200}\" data-widget_type=\"heading.default\">\n\t\t\t\t<div class=\"elementor-widget-container\">\n\t\t\t\t\t<h3 class=\"elementor-heading-title elementor-size-default\">Global Experience, Local Impact<\/h3>\t\t\t\t<\/div>\n\t\t\t\t<\/div>\n\t\t\t\t<div class=\"elementor-element elementor-element-21d7e148 elementor-widget elementor-widget-text-editor\" data-id=\"21d7e148\" data-element_type=\"widget\" data-e-type=\"widget\" data-widget_type=\"text-editor.default\">\n\t\t\t\t<div class=\"elementor-widget-container\">\n\t\t\t\t\t\t\t\t\t<p>Our services are available in <strong>Spain, UK and globally<\/strong>, both in <strong>online<\/strong> as <strong>on-site<\/strong>. We have a unique team of professionals with extensive international experience in communication, development and leadership, working with prestigious companies and senior executives.<\/p>\t\t\t\t\t\t\t\t<\/div>\n\t\t\t\t<\/div>\n\t\t\t\t\t<\/div>\n\t\t<\/div>\n\t\t\t\t\t<\/div>\n\t\t<\/section>\n\t\t\t\t<section class=\"elementor-section elementor-inner-section elementor-element elementor-element-307141e0 elementor-section-full_width elementor-section-height-default elementor-section-height-default\" data-id=\"307141e0\" data-element_type=\"section\" data-e-type=\"section\">\n\t\t\t\t\t\t<div class=\"elementor-container elementor-column-gap-custom\">\n\t\t\t\t\t<div class=\"elementor-column elementor-col-33 elementor-inner-column elementor-element elementor-element-2dc1cc8b elementor-invisible\" data-id=\"2dc1cc8b\" data-element_type=\"column\" data-e-type=\"column\" data-settings=\"{&quot;animation&quot;:&quot;fadeInUp&quot;}\">\n\t\t\t<div class=\"elementor-widget-wrap elementor-element-populated\">\n\t\t\t\t\t\t<div class=\"elementor-element elementor-element-57fc1f4f elementor-widget elementor-widget-image\" data-id=\"57fc1f4f\" data-element_type=\"widget\" data-e-type=\"widget\" data-widget_type=\"image.default\">\n\t\t\t\t<div class=\"elementor-widget-container\">\n\t\t\t\t\t\t\t\t\t\t\t\t\t\t\t<img decoding=\"async\" src=\"https:\/\/snrcoaching.com\/wp-content\/uploads\/elementor\/thumbs\/authentic-group-therapy-meeting-scaled-qu8qg5w1ngvzaik9c4w7xmvma6x9iabtjlp5pfsaio.jpg\" title=\"authentic-group-therapy-meeting\" alt=\"authentic-group-therapy-meeting\" loading=\"lazy\" \/>\t\t\t\t\t\t\t\t\t\t\t\t\t\t\t<\/div>\n\t\t\t\t<\/div>\n\t\t\t\t<div class=\"elementor-element elementor-element-754939fe ekit-equal-height-disable elementor-widget elementor-widget-elementskit-icon-box\" data-id=\"754939fe\" data-element_type=\"widget\" data-e-type=\"widget\" data-widget_type=\"elementskit-icon-box.default\">\n\t\t\t\t<div class=\"elementor-widget-container\">\n\t\t\t\t\t<div class=\"ekit-wid-con\" >        <!-- link opening -->\n                <!-- end link opening -->\n\n        <div class=\"elementskit-infobox text-center text- icon-lef-right-aligin elementor-animation-float\">\n                        <div class=\"box-body\">\n                            <h3 class=\"elementskit-info-box-title\">\n                    Executive Coaching and Team Coaching                <\/h3>\n                        \t\t  \t<p>Boost your Leadership and develop Key Skills both individually and with high performing teams.<\/p>\n                                        <div class=\"box-footer disable_hover_button\">\n                    <div class=\"btn-wraper\">\n                                                            <a class=\"elementskit-btn whitespace--normal elementor-animation-float\" href=\"https:\/\/snrcoaching.com\/en\/executive-coaching\/\">\n                                        See more                                        <i aria-hidden=\"true\" class=\"icon icon-arrow-right\"><\/i>                                    <\/a>\n                                                        <\/div>\n                <\/div>\n                    <\/div>\n        \n        \n                <\/div>\n        <\/div>\t\t\t\t<\/div>\n\t\t\t\t<\/div>\n\t\t\t\t\t<\/div>\n\t\t<\/div>\n\t\t\t\t<div class=\"elementor-column elementor-col-33 elementor-inner-column elementor-element elementor-element-1cb7604 elementor-invisible\" data-id=\"1cb7604\" data-element_type=\"column\" data-e-type=\"column\" data-settings=\"{&quot;animation&quot;:&quot;fadeInUp&quot;,&quot;animation_delay&quot;:200}\">\n\t\t\t<div class=\"elementor-widget-wrap elementor-element-populated\">\n\t\t\t\t\t\t<div class=\"elementor-element elementor-element-502e0f09 elementor-widget elementor-widget-image\" data-id=\"502e0f09\" data-element_type=\"widget\" data-e-type=\"widget\" data-widget_type=\"image.default\">\n\t\t\t\t<div class=\"elementor-widget-container\">\n\t\t\t\t\t\t\t\t\t\t\t\t\t\t\t<img decoding=\"async\" src=\"https:\/\/snrcoaching.com\/wp-content\/uploads\/elementor\/thumbs\/content-attractive-female-business-consultant-working-with-clien-qu72yeqt9czl4pkvocmwk3l6nncuq7poewk7s3dw74.jpg\" title=\"content-attractive-female-business-consultant-working-with-clien.jpg\" alt=\"content-attractive-female-business-consultant-working-with-clien.jpg\" loading=\"lazy\" \/>\t\t\t\t\t\t\t\t\t\t\t\t\t\t\t<\/div>\n\t\t\t\t<\/div>\n\t\t\t\t<div class=\"elementor-element elementor-element-499d4741 ekit-equal-height-disable elementor-widget elementor-widget-elementskit-icon-box\" data-id=\"499d4741\" data-element_type=\"widget\" data-e-type=\"widget\" data-widget_type=\"elementskit-icon-box.default\">\n\t\t\t\t<div class=\"elementor-widget-container\">\n\t\t\t\t\t<div class=\"ekit-wid-con\" >        <!-- link opening -->\n                <!-- end link opening -->\n\n        <div class=\"elementskit-infobox text-center text- icon-lef-right-aligin elementor-animation-float\">\n                        <div class=\"box-body\">\n                            <h3 class=\"elementskit-info-box-title\">\n                    Training courses                <\/h3>\n                        \t\t  \t<p>We offer customised programmes that are tailored to the specific needs of your team, boosting their productivity, leadership and communication.<\/p>\n                                        <div class=\"box-footer disable_hover_button\">\n                    <div class=\"btn-wraper\">\n                                                            <a class=\"elementskit-btn whitespace--normal elementor-animation-float\" href=\"https:\/\/snrcoaching.com\/en\/courses-workshops\/\">\n                                        See more                                        <i aria-hidden=\"true\" class=\"icon icon-arrow-right\"><\/i>                                    <\/a>\n                                                        <\/div>\n                <\/div>\n                    <\/div>\n        \n        \n                <\/div>\n        <\/div>\t\t\t\t<\/div>\n\t\t\t\t<\/div>\n\t\t\t\t\t<\/div>\n\t\t<\/div>\n\t\t\t\t<div class=\"elementor-column elementor-col-33 elementor-inner-column elementor-element elementor-element-d2297ee elementor-invisible\" data-id=\"d2297ee\" data-element_type=\"column\" data-e-type=\"column\" data-settings=\"{&quot;animation&quot;:&quot;fadeInUp&quot;,&quot;animation_delay&quot;:200}\">\n\t\t\t<div class=\"elementor-widget-wrap elementor-element-populated\">\n\t\t\t\t\t\t<div class=\"elementor-element elementor-element-7ce32e0 elementor-widget elementor-widget-image\" data-id=\"7ce32e0\" data-element_type=\"widget\" data-e-type=\"widget\" data-widget_type=\"image.default\">\n\t\t\t\t<div class=\"elementor-widget-container\">\n\t\t\t\t\t\t\t\t\t\t\t\t\t\t\t<img decoding=\"async\" src=\"https:\/\/snrcoaching.com\/wp-content\/uploads\/elementor\/thumbs\/coaching-r1ld1loevhrlxjqxrvisu0qjuvd1x8l45biaevdfls.jpg\" title=\"coaching\" alt=\"coaching\" loading=\"lazy\" \/>\t\t\t\t\t\t\t\t\t\t\t\t\t\t\t<\/div>\n\t\t\t\t<\/div>\n\t\t\t\t<div class=\"elementor-element elementor-element-37dfa93 ekit-equal-height-disable elementor-widget elementor-widget-elementskit-icon-box\" data-id=\"37dfa93\" data-element_type=\"widget\" data-e-type=\"widget\" data-widget_type=\"elementskit-icon-box.default\">\n\t\t\t\t<div class=\"elementor-widget-container\">\n\t\t\t\t\t<div class=\"ekit-wid-con\" >        <!-- link opening -->\n                <!-- end link opening -->\n\n        <div class=\"elementskit-infobox text-center text- icon-lef-right-aligin elementor-animation-float\">\n                        <div class=\"box-body\">\n                            <h3 class=\"elementskit-info-box-title\">\n                    Voice Coaching                <\/h3>\n                        \t\t  \t<p>Voice coaching is used to improve vocal technique, clarity and expression to optimise communication, confidence and influence in personal and professional settings.<\/p>\n                                        <div class=\"box-footer disable_hover_button\">\n                    <div class=\"btn-wraper\">\n                                                            <a class=\"elementskit-btn whitespace--normal elementor-animation-float\" href=\"https:\/\/snrcoaching.com\/en\/voice-coaching\/\">\n                                        See more                                        <i aria-hidden=\"true\" class=\"icon icon-arrow-right\"><\/i>                                    <\/a>\n                                                        <\/div>\n                <\/div>\n                    <\/div>\n        \n        \n                <\/div>\n        <\/div>\t\t\t\t<\/div>\n\t\t\t\t<\/div>\n\t\t\t\t\t<\/div>\n\t\t<\/div>\n\t\t\t\t\t<\/div>\n\t\t<\/section>\n\t\t\t\t\t<\/div>\n\t\t<\/div>\n\t\t\t\t\t<\/div>\n\t\t<\/section>\n\t\t\t\t<\/div>","protected":false},"excerpt":{"rendered":"<p>nuestros servicios snr Servicios nuestros servicios Experiencia Global, Impacto Local Nuestros servicios est\u00e1n disponibles en Espa\u00f1a, Reino Unido y a nivel global, tanto en formato online como presencial. Contamos con un equipo de profesionales \u00fanicos con amplia experiencia internacional en comunicaci\u00f3n, desarrollo y liderazgo, trabajando con empresas prestigiosas y ejecutivos de alto nivel. Coaching Ejecutivo [&hellip;]<\/p>\n","protected":false},"author":2,"featured_media":0,"parent":0,"menu_order":3,"comment_status":"closed","ping_status":"closed","template":"elementor_header_footer","meta":{"footnotes":""},"class_list":["post-63","page","type-page","status-publish","hentry"],"yoast_head":"<!-- This site is optimized with the Yoast SEO plugin v27.6 - https:\/\/yoast.com\/product\/yoast-seo-wordpress\/ -->\n<title>\u25b7 SNR Coaching - Servicios<\/title>\n<meta name=\"description\" content=\"Descubre nuestros servicios de coaching de voz y habilidades de presentaci\u00f3n para ejecutivos en Madrid. Potencia tu liderazgo y comunicaci\u00f3n profesional.&quot;\" \/>\n<meta name=\"robots\" content=\"index, follow, max-snippet:-1, max-image-preview:large, max-video-preview:-1\" \/>\n<link rel=\"canonical\" href=\"https:\/\/snrcoaching.com\/en\/services\/\" \/>\n<meta property=\"og:locale\" content=\"en_GB\" \/>\n<meta property=\"og:type\" content=\"article\" \/>\n<meta property=\"og:title\" content=\"\u25b7 SNR Coaching - Servicios\" \/>\n<meta property=\"og:description\" content=\"Descubre nuestros servicios de coaching de voz y habilidades de presentaci\u00f3n para ejecutivos en Madrid. Potencia tu liderazgo y comunicaci\u00f3n profesional.&quot;\" \/>\n<meta property=\"og:url\" content=\"https:\/\/snrcoaching.com\/en\/services\/\" \/>\n<meta property=\"og:site_name\" content=\"SNRCOACHING\" \/>\n<meta property=\"article:modified_time\" content=\"2025-03-14T15:39:37+00:00\" \/>\n<meta property=\"og:image\" content=\"https:\/\/snrcoaching.com\/wp-content\/uploads\/elementor\/thumbs\/authentic-group-therapy-meeting-scaled-qu8qg5w1ngvzaik9c4w7xmvma6x9iabtjlp5pfsaio.jpg\" \/>\n<meta name=\"twitter:card\" content=\"summary_large_image\" \/>\n<script type=\"application\/ld+json\" class=\"yoast-schema-graph\">{\"@context\":\"https:\\\/\\\/schema.org\",\"@graph\":[{\"@type\":\"WebPage\",\"@id\":\"https:\\\/\\\/snrcoaching.com\\\/servicios\\\/\",\"url\":\"https:\\\/\\\/snrcoaching.com\\\/servicios\\\/\",\"name\":\"\u25b7 SNR Coaching - Servicios\",\"isPartOf\":{\"@id\":\"https:\\\/\\\/snrcoaching.com\\\/#website\"},\"primaryImageOfPage\":{\"@id\":\"https:\\\/\\\/snrcoaching.com\\\/servicios\\\/#primaryimage\"},\"image\":{\"@id\":\"https:\\\/\\\/snrcoaching.com\\\/servicios\\\/#primaryimage\"},\"thumbnailUrl\":\"https:\\\/\\\/snrcoaching.com\\\/wp-content\\\/uploads\\\/elementor\\\/thumbs\\\/authentic-group-therapy-meeting-scaled-qu8qg5w1ngvzaik9c4w7xmvma6x9iabtjlp5pfsaio.jpg\",\"datePublished\":\"2024-09-16T13:43:02+00:00\",\"dateModified\":\"2025-03-14T15:39:37+00:00\",\"description\":\"Descubre nuestros servicios de coaching de voz y habilidades de presentaci\u00f3n para ejecutivos en Madrid. Potencia tu liderazgo y comunicaci\u00f3n profesional.\\\"\",\"breadcrumb\":{\"@id\":\"https:\\\/\\\/snrcoaching.com\\\/servicios\\\/#breadcrumb\"},\"inLanguage\":\"en-GB\",\"potentialAction\":[{\"@type\":\"ReadAction\",\"target\":[\"https:\\\/\\\/snrcoaching.com\\\/servicios\\\/\"]}]},{\"@type\":\"ImageObject\",\"inLanguage\":\"en-GB\",\"@id\":\"https:\\\/\\\/snrcoaching.com\\\/servicios\\\/#primaryimage\",\"url\":\"https:\\\/\\\/snrcoaching.com\\\/wp-content\\\/uploads\\\/elementor\\\/thumbs\\\/authentic-group-therapy-meeting-scaled-qu8qg5w1ngvzaik9c4w7xmvma6x9iabtjlp5pfsaio.jpg\",\"contentUrl\":\"https:\\\/\\\/snrcoaching.com\\\/wp-content\\\/uploads\\\/elementor\\\/thumbs\\\/authentic-group-therapy-meeting-scaled-qu8qg5w1ngvzaik9c4w7xmvma6x9iabtjlp5pfsaio.jpg\"},{\"@type\":\"BreadcrumbList\",\"@id\":\"https:\\\/\\\/snrcoaching.com\\\/servicios\\\/#breadcrumb\",\"itemListElement\":[{\"@type\":\"ListItem\",\"position\":1,\"name\":\"Portada\",\"item\":\"https:\\\/\\\/snrcoaching.com\\\/\"},{\"@type\":\"ListItem\",\"position\":2,\"name\":\"Servicios\"}]},{\"@type\":\"WebSite\",\"@id\":\"https:\\\/\\\/snrcoaching.com\\\/#website\",\"url\":\"https:\\\/\\\/snrcoaching.com\\\/\",\"name\":\"SNRCOACHING\",\"description\":\"\",\"potentialAction\":[{\"@type\":\"SearchAction\",\"target\":{\"@type\":\"EntryPoint\",\"urlTemplate\":\"https:\\\/\\\/snrcoaching.com\\\/?s={search_term_string}\"},\"query-input\":{\"@type\":\"PropertyValueSpecification\",\"valueRequired\":true,\"valueName\":\"search_term_string\"}}],\"inLanguage\":\"en-GB\"}]}<\/script>\n<!-- \/ Yoast SEO plugin. -->","yoast_head_json":{"title":"\u25b7 SNR Coaching - Services","description":"Discover our voice and presentation skills coaching services for executives in Madrid. Boost your leadership and professional communication\".","robots":{"index":"index","follow":"follow","max-snippet":"max-snippet:-1","max-image-preview":"max-image-preview:large","max-video-preview":"max-video-preview:-1"},"canonical":"https:\/\/snrcoaching.com\/en\/services\/","og_locale":"en_GB","og_type":"article","og_title":"\u25b7 SNR Coaching - Servicios","og_description":"Descubre nuestros servicios de coaching de voz y habilidades de presentaci\u00f3n para ejecutivos en Madrid. Potencia tu liderazgo y comunicaci\u00f3n profesional.\"","og_url":"https:\/\/snrcoaching.com\/en\/services\/","og_site_name":"SNRCOACHING","article_modified_time":"2025-03-14T15:39:37+00:00","og_image":[{"url":"https:\/\/snrcoaching.com\/wp-content\/uploads\/elementor\/thumbs\/authentic-group-therapy-meeting-scaled-qu8qg5w1ngvzaik9c4w7xmvma6x9iabtjlp5pfsaio.jpg","type":"","width":"","height":""}],"twitter_card":"summary_large_image","schema":{"@context":"https:\/\/schema.org","@graph":[{"@type":"WebPage","@id":"https:\/\/snrcoaching.com\/servicios\/","url":"https:\/\/snrcoaching.com\/servicios\/","name":"\u25b7 SNR Coaching - Services","isPartOf":{"@id":"https:\/\/snrcoaching.com\/#website"},"primaryImageOfPage":{"@id":"https:\/\/snrcoaching.com\/servicios\/#primaryimage"},"image":{"@id":"https:\/\/snrcoaching.com\/servicios\/#primaryimage"},"thumbnailUrl":"https:\/\/snrcoaching.com\/wp-content\/uploads\/elementor\/thumbs\/authentic-group-therapy-meeting-scaled-qu8qg5w1ngvzaik9c4w7xmvma6x9iabtjlp5pfsaio.jpg","datePublished":"2024-09-16T13:43:02+00:00","dateModified":"2025-03-14T15:39:37+00:00","description":"Discover our voice and presentation skills coaching services for executives in Madrid. Boost your leadership and professional communication\".","breadcrumb":{"@id":"https:\/\/snrcoaching.com\/servicios\/#breadcrumb"},"inLanguage":"en-GB","potentialAction":[{"@type":"ReadAction","target":["https:\/\/snrcoaching.com\/servicios\/"]}]},{"@type":"ImageObject","inLanguage":"en-GB","@id":"https:\/\/snrcoaching.com\/servicios\/#primaryimage","url":"https:\/\/snrcoaching.com\/wp-content\/uploads\/elementor\/thumbs\/authentic-group-therapy-meeting-scaled-qu8qg5w1ngvzaik9c4w7xmvma6x9iabtjlp5pfsaio.jpg","contentUrl":"https:\/\/snrcoaching.com\/wp-content\/uploads\/elementor\/thumbs\/authentic-group-therapy-meeting-scaled-qu8qg5w1ngvzaik9c4w7xmvma6x9iabtjlp5pfsaio.jpg"},{"@type":"BreadcrumbList","@id":"https:\/\/snrcoaching.com\/servicios\/#breadcrumb","itemListElement":[{"@type":"ListItem","position":1,"name":"Portada","item":"https:\/\/snrcoaching.com\/"},{"@type":"ListItem","position":2,"name":"Servicios"}]},{"@type":"WebSite","@id":"https:\/\/snrcoaching.com\/#website","url":"https:\/\/snrcoaching.com\/","name":"SNRCOACHING","description":"","potentialAction":[{"@type":"SearchAction","target":{"@type":"EntryPoint","urlTemplate":"https:\/\/snrcoaching.com\/?s={search_term_string}"},"query-input":{"@type":"PropertyValueSpecification","valueRequired":true,"valueName":"search_term_string"}}],"inLanguage":"en-GB"}]}},"_links":{"self":[{"href":"https:\/\/snrcoaching.com\/en\/wp-json\/wp\/v2\/pages\/63","targetHints":{"allow":["GET"]}}],"collection":[{"href":"https:\/\/snrcoaching.com\/en\/wp-json\/wp\/v2\/pages"}],"about":[{"href":"https:\/\/snrcoaching.com\/en\/wp-json\/wp\/v2\/types\/page"}],"author":[{"embeddable":true,"href":"https:\/\/snrcoaching.com\/en\/wp-json\/wp\/v2\/users\/2"}],"replies":[{"embeddable":true,"href":"https:\/\/snrcoaching.com\/en\/wp-json\/wp\/v2\/comments?post=63"}],"version-history":[{"count":40,"href":"https:\/\/snrcoaching.com\/en\/wp-json\/wp\/v2\/pages\/63\/revisions"}],"predecessor-version":[{"id":632,"href":"https:\/\/snrcoaching.com\/en\/wp-json\/wp\/v2\/pages\/63\/revisions\/632"}],"wp:attachment":[{"href":"https:\/\/snrcoaching.com\/en\/wp-json\/wp\/v2\/media?parent=63"}],"curies":[{"name":"wp","href":"https:\/\/api.w.org\/{rel}","templated":true}]}}